{"id":31777,"date":"2023-11-03T15:03:20","date_gmt":"2023-11-03T15:03:20","guid":{"rendered":"https:\/\/www.fallriverdiocese.org\/?page_id=31777"},"modified":"2024-10-10T11:26:27","modified_gmt":"2024-10-10T15:26:27","slug":"vocations-office","status":"publish","type":"page","link":"https:\/\/www.fallriverdiocese.org\/es\/vocations-office\/","title":{"rendered":"Fall River Vocations"},"content":{"rendered":"\t\t<div data-elementor-type=\"wp-page\" data-elementor-id=\"31777\" class=\"elementor elementor-31777\" data-elementor-post-type=\"page\">\n\t\t\t\t\t\t<section class=\"elementor-section elementor-top-section elementor-element elementor-element-1ad3417b elementor-section-boxed elementor-section-height-default elementor-section-height-default\" data-id=\"1ad3417b\" data-element_type=\"section\">\n\t\t\t\t\t\t<div class=\"elementor-container elementor-column-gap-default\">\n\t\t\t\t\t<div class=\"elementor-column elementor-col-100 elementor-top-column elementor-element elementor-element-a72acd2\" data-id=\"a72acd2\" data-element_type=\"column\">\n\t\t\t<div class=\"elementor-widget-wrap elementor-element-populated\">\n\t\t\t\t\t\t<div class=\"elementor-element elementor-element-4f5fc45e elementor-widget elementor-widget-text-editor\" data-id=\"4f5fc45e\" data-element_type=\"widget\" data-widget_type=\"text-editor.default\">\n\t\t\t\t<div class=\"elementor-widget-container\">\n\t\t\t<style>\/*! elementor - v3.19.0 - 29-01-2024 *\/\n.elementor-widget-text-editor.elementor-drop-cap-view-stacked .elementor-drop-cap{background-color:#69727d;color:#fff}.elementor-widget-text-editor.elementor-drop-cap-view-framed .elementor-drop-cap{color:#69727d;border:3px solid;background-color:transparent}.elementor-widget-text-editor:not(.elementor-drop-cap-view-default) .elementor-drop-cap{margin-top:8px}.elementor-widget-text-editor:not(.elementor-drop-cap-view-default) .elementor-drop-cap-letter{width:1em;height:1em}.elementor-widget-text-editor .elementor-drop-cap{float:left;text-align:center;line-height:1;font-size:50px}.elementor-widget-text-editor .elementor-drop-cap-letter{display:inline-block}<\/style>\t\t\t\t<blockquote class=\"wp-block-quote\"><p>The call to holiness is a universal call, valid for all human beings without distraction of age, profession, race or language. Just as all are redeemed, so all are called. The vocation to holiness means putting into practice, in one&#8217;s own daily life, the example and teaching of Jesus Christ<\/p><p><cite><em>St. John Paul II<\/em><\/cite><\/p><\/blockquote><h2 class=\"wp-block-heading\">Staff<\/h2><div class=\"wp-block-columns\"><div class=\"wp-block-column\"><div class=\"profile\"><div class=\"profile__image\"><img decoding=\"async\" src=\"https:\/\/www.fallriverdiocese.org\/app\/uploads\/2023\/09\/vocations_headshot_fr-jack-shrader.jpg\" alt=\"Fr. Jack Schrader\" \/><\/div><div class=\"profile__text\"><div class=\"profile__text__name\">Fr. Jack Schrader<\/div><div class=\"profile__text__title\">Vocations Director<\/div><div class=\"profile__text__title\"><a class=\"contact-list__item__info\" style=\"text-align: var(--bs-body-text-align)\" href=\"tel:5083365549\">508-888-0209<\/a><\/div><div class=\"profile__text__title\"><a class=\"contact-list__item__info\" style=\"text-align: var(--bs-body-text-align)\" href=\"mailto:frjschrader@diocese-fr.org\">frjschrader@diocese-fr.org<\/a><\/div><\/div><\/div><\/div><div class=\"wp-block-column\"><div class=\"profile\"><div class=\"profile__image\"><img decoding=\"async\" src=\"https:\/\/www.fallriverdiocese.org\/app\/uploads\/2023\/09\/vocations_headshot_fr_john.png\" alt=\"Fr. John Garabedian\" \/><\/div><div class=\"profile__text\"><div class=\"profile__text__name\">Fr. John Garabedian<\/div><div class=\"profile__text__title\">Assistant Vocations Director<\/div><div class=\"profile__text__title\"><a class=\"contact-list__item__info\" style=\"text-align: var(--bs-body-text-align)\" href=\"tel:5083365549\">508-763-2240<\/a><\/div><div class=\"profile__text__title\"><a class=\"contact-list__item__info\" style=\"text-align: var(--bs-body-text-align)\" href=\"mailto:frjgarabedian@diocese-fr.org\">frjgarabedian@diocese-fr.org<\/a><\/div><\/div><\/div><\/div><\/div><h2 class=\"wp-block-heading\">About Us<\/h2><p>In a world so full of noise and distractions, it seems to be increasingly difficult to hear Christ&#8217;s call to priesthood and religious life. Our work focuses on providing parishes, schools, and other Catholic entities with resources to remind men, particularly young men, to listen intently and see if God is calling them for a vocation to the priesthood or other religious life. We organize an annual retreat for boys to discover what God is calling them to do in their lives. Gatherings through the year are hosted for men considering the call to priesthood. Discerning a vocation to religious life is not something that seems natural in today&#8217;s world, and finding resources or like-minded people to talk to about it can be difficult. We are here as a resource for parishes, schools, families, and individuals as they seek to create and embrace a culture of vocations. There are many obstacles to discernment, and sometimes all someone needs is a supportive presence or a loving nudge in the right direction. Once someone is on the path to religious life, that support and guidance is ever more important. Our office provides support not just to those who may be discerning a vocation, but those who are in priestly formation in a seminary.<\/p><h2 class=\"wp-block-heading\">Meet Our Seminarians<\/h2><div class=\"profile\"><div class=\"profile__image\" style=\"width: 150px;height: 150px\"><img decoding=\"async\" src=\"https:\/\/www.fallriverdiocese.org\/app\/uploads\/2023\/09\/vocations_headshot_lucas-dacosta.jpg\" alt=\"Lucas Dacosta\" \/><\/div><div class=\"profile__text\"><div class=\"profile__text__name\">Lucas Dacosta<\/div><div class=\"profile__text__title\">Theology III<br \/>Leave of Absence from Seminary<br \/>St. Francis Xavier Parish, Acushnet<\/div><\/div><\/div><p>Lucas finished 3rd Theology at St. John&#8217;s Seminary in Brighton, MA. He requested additional time for discernment before ordination to the diaconate. Bishop da Cunha has accepted his request for a year leave of absence from formation. Maintaining official seminarian status, Lucas will not be living at a seminary or rectory, and he will be finding employment for the duration of his leave.<\/p>\t\t\t\t\t\t<\/div>\n\t\t\t\t<\/div>\n\t\t\t\t\t<\/div>\n\t\t<\/div>\n\t\t\t\t\t<\/div>\n\t\t<\/section>\n\t\t\t\t<section class=\"elementor-section elementor-top-section elementor-element elementor-element-d16814e elementor-section-boxed elementor-section-height-default elementor-section-height-default\" data-id=\"d16814e\" data-element_type=\"section\">\n\t\t\t\t\t\t<div class=\"elementor-container elementor-column-gap-default\">\n\t\t\t\t\t<div class=\"elementor-column elementor-col-100 elementor-top-column elementor-element elementor-element-32d0d88\" data-id=\"32d0d88\" data-element_type=\"column\">\n\t\t\t<div class=\"elementor-widget-wrap elementor-element-populated\">\n\t\t\t\t\t\t<div class=\"elementor-element elementor-element-b6c8fea elementor-widget elementor-widget-text-editor\" data-id=\"b6c8fea\" data-element_type=\"widget\" data-widget_type=\"text-editor.default\">\n\t\t\t\t<div class=\"elementor-widget-container\">\n\t\t\t\t\t\t\t<div class=\"profile\"><div class=\"profile__image\" style=\"width: 150px;height: 150px\"><img decoding=\"async\" src=\"https:\/\/www.fallriverdiocese.org\/app\/uploads\/2024\/08\/Kaique.jpg\" alt=\"Kaique Duarte Santos\" \/><\/div><div class=\"profile__text\"><div class=\"profile__text__name\">Ka\u00edque Duarte Santos<\/div><div class=\"profile__text__title\">IV Theology<br \/>Immaculate Conception Seminary, South Orange, NJ<br \/>Corpus Christi Parish, East Sandwich, MA<\/div><\/div><\/div><p>Ka\u00edque arrived from Brazil in December 2023, transferring from the seminary of the Can\u00e7\u00e3o Nova Community. Corpus Christi Parish in E. Sandwich has become his new home parish. He completed his first semester of 3rd Theology at Immaculate Conception Seminary in South Orange, NJ. He will have three more semesters of formation at ICS before ordination to the diaconate. For summer 2024, Ka\u00edque was assigned for ministry at Holy Family Parish in East Taunton.<\/p>\t\t\t\t\t\t<\/div>\n\t\t\t\t<\/div>\n\t\t\t\t\t<\/div>\n\t\t<\/div>\n\t\t\t\t\t<\/div>\n\t\t<\/section>\n\t\t\t\t<section class=\"elementor-section elementor-top-section elementor-element elementor-element-9e97fae elementor-section-boxed elementor-section-height-default elementor-section-height-default\" data-id=\"9e97fae\" data-element_type=\"section\">\n\t\t\t\t\t\t<div class=\"elementor-container elementor-column-gap-default\">\n\t\t\t\t\t<div class=\"elementor-column elementor-col-100 elementor-top-column elementor-element elementor-element-160482f\" data-id=\"160482f\" data-element_type=\"column\">\n\t\t\t<div class=\"elementor-widget-wrap elementor-element-populated\">\n\t\t\t\t\t\t<div class=\"elementor-element elementor-element-6bdfaca elementor-widget elementor-widget-text-editor\" data-id=\"6bdfaca\" data-element_type=\"widget\" data-widget_type=\"text-editor.default\">\n\t\t\t\t<div class=\"elementor-widget-container\">\n\t\t\t\t\t\t\t<div class=\"profile\"><div class=\"profile__image\" style=\"width: 150px;height: 150px\"><img decoding=\"async\" src=\"https:\/\/www.fallriverdiocese.org\/app\/uploads\/2024\/08\/Jose.jpg\" alt=\"Jos\u00e9 Ant\u00f3nio Costa Torrej\u00e3o\" \/><\/div><div class=\"profile__text\"><div class=\"profile__text__name\">Jos\u00e9 Ant\u00f3nio Costa Torrej\u00e3o<\/div><div class=\"profile__text__title\">IV Theology<br \/>Pope St. John XXIII Seminary, Weston, MA<br \/>Our Lady of Mt. Carmel Parish, New Bedford, MA<\/div><\/div><\/div><p>Jos\u00e9 is from Portugal and was accepted as a Fall River seminarian in 2023. Our Lady of Mount Carmel Parish in New Bedford has become his new home parish. Having recently obtained his student visa, he is enrolled as a seminarian at Pope St. John XXIII Seminary in Weston. While living at the seminary, Jos\u00e9 will be taking English language courses at the EF School in Boston. Previously as a member of the Montfort Missionaries, he completed his theological course requirements for ordination. Nonetheless, before ordination to the diaconate in the Diocese of Fall River, he will complete three semesters of formation at Pope St. John XXIII Seminary.<\/p>\t\t\t\t\t\t<\/div>\n\t\t\t\t<\/div>\n\t\t\t\t\t<\/div>\n\t\t<\/div>\n\t\t\t\t\t<\/div>\n\t\t<\/section>\n\t\t\t\t<section class=\"elementor-section elementor-top-section elementor-element elementor-element-1a438b8 elementor-section-boxed elementor-section-height-default elementor-section-height-default\" data-id=\"1a438b8\" data-element_type=\"section\">\n\t\t\t\t\t\t<div class=\"elementor-container elementor-column-gap-default\">\n\t\t\t\t\t<div class=\"elementor-column elementor-col-100 elementor-top-column elementor-element elementor-element-0479728\" data-id=\"0479728\" data-element_type=\"column\">\n\t\t\t<div class=\"elementor-widget-wrap elementor-element-populated\">\n\t\t\t\t\t\t<div class=\"elementor-element elementor-element-7b1e742 elementor-widget elementor-widget-text-editor\" data-id=\"7b1e742\" data-element_type=\"widget\" data-widget_type=\"text-editor.default\">\n\t\t\t\t<div class=\"elementor-widget-container\">\n\t\t\t\t\t\t\t<div class=\"profile\"><div class=\"profile__image\" style=\"width: 150px;height: 150px\"><img decoding=\"async\" src=\"https:\/\/www.fallriverdiocese.org\/app\/uploads\/2024\/08\/Evan.jpg\" alt=\"Evan Mello\" \/><\/div><div class=\"profile__text\"><div class=\"profile__text__name\">Evan Mello<\/div><div class=\"profile__text__title\">Propaedeutic Stage<br \/>Mount St. Mary Seminary, Emmitsburg, MD<br \/>Transfiguration of the Lord Parish, North Attleborough, MA<\/div><\/div><\/div><p>Evan, from Transfiguration of the Lord Parish in North Attleborough, was accepted as a seminarian in August 2024. He is 25 years old and graduated from Assumption College in Worcester with a degree in Biology. He will be attending Mount St. Mary\u2019s Seminary in Emmitsburg, MD for the Propaedeutic Stage required by the new Program for Priestly Formation 6th Edition.<\/p>\t\t\t\t\t\t<\/div>\n\t\t\t\t<\/div>\n\t\t\t\t\t<\/div>\n\t\t<\/div>\n\t\t\t\t\t<\/div>\n\t\t<\/section>\n\t\t\t\t<section class=\"elementor-section elementor-top-section elementor-element elementor-element-d20faed elementor-section-boxed elementor-section-height-default elementor-section-height-default\" data-id=\"d20faed\" data-element_type=\"section\">\n\t\t\t\t\t\t<div class=\"elementor-container elementor-column-gap-default\">\n\t\t\t\t\t<div class=\"elementor-column elementor-col-100 elementor-top-column elementor-element elementor-element-fab04c6\" data-id=\"fab04c6\" data-element_type=\"column\">\n\t\t\t<div class=\"elementor-widget-wrap elementor-element-populated\">\n\t\t\t\t\t\t<div class=\"elementor-element elementor-element-2e923b2 elementor-widget elementor-widget-text-editor\" data-id=\"2e923b2\" data-element_type=\"widget\" data-widget_type=\"text-editor.default\">\n\t\t\t\t<div class=\"elementor-widget-container\">\n\t\t\t\t\t\t\t<div class=\"profile\"><div class=\"profile__image\" style=\"width: 150px;height: 150px\"><img decoding=\"async\" src=\"https:\/\/www.fallriverdiocese.org\/app\/uploads\/2024\/08\/John.jpg\" alt=\"John Martin\" \/><\/div><div class=\"profile__text\"><div class=\"profile__text__name\">John Martin<\/div><div class=\"profile__text__title\">Propaedeutic Stage\u00a0<br \/>Our Lady of Providence Seminary, Providence, RI<br \/>St. Anthony Parish, New Bedford, MA<\/div><\/div><\/div><p>John, from St. Anthony Parish in New Bedford, was also accepted as a seminarian in August 2024. He is 25 years old and has been working as an electrician since he finished high school as a homeschool student. He will be attending Our Lady of Providence Seminary, which incorporates the benchmarks of the Propaedeutic Stage into freshman year of college.<\/p>\t\t\t\t\t\t<\/div>\n\t\t\t\t<\/div>\n\t\t\t\t\t<\/div>\n\t\t<\/div>\n\t\t\t\t\t<\/div>\n\t\t<\/section>\n\t\t\t\t<\/div>\n\t\t","protected":false},"excerpt":{"rendered":"<p>The call to holiness is a universal call, valid for all human beings without distraction of age, profession, race or language. Just as all are redeemed, so all are called. &hellip;<\/p>\n","protected":false},"author":1,"featured_media":28223,"parent":0,"menu_order":0,"comment_status":"closed","ping_status":"closed","template":"template-hero-page.blade.php","meta":{"_acf_changed":false,"_crosspost_to_16":false,"_crosspost_to_17":false,"_crosspost_to_18":false,"_crosspost_to_19":false,"_crosspost_to_20":false,"_price":"","_stock":"","_tribe_ticket_header":"","_tribe_default_ticket_provider":"","_tribe_ticket_capacity":"0","_ticket_start_date":"","_ticket_end_date":"","_tribe_ticket_show_description":"","_tribe_ticket_show_not_going":false,"_tribe_ticket_use_global_stock":"","_tribe_ticket_global_stock_level":"","_global_stock_mode":"","_global_stock_cap":"","_tribe_rsvp_for_event":"","_tribe_ticket_going_count":"","_tribe_ticket_not_going_count":"","_tribe_tickets_list":"[]","_tribe_ticket_has_attendee_info_fields":false,"footnotes":"","_tec_slr_enabled":"","_tec_slr_layout":""},"class_list":["post-31777","page","type-page","status-publish","has-post-thumbnail","hentry"],"pp_force_visibility":null,"pp_subpost_visibility":null,"pp_inherited_force_visibility":null,"pp_inherited_subpost_visibility":null,"acf":[],"yoast_head":"<!-- This site is optimized with the Yoast SEO plugin v26.5 - https:\/\/yoast.com\/wordpress\/plugins\/seo\/ -->\n<title>Fall River Vocations - Roman Catholic Diocese of Fall River<\/title>\n<meta name=\"robots\" content=\"index, follow, max-snippet:-1, max-image-preview:large, max-video-preview:-1\" \/>\n<link rel=\"canonical\" href=\"https:\/\/www.fallriverdiocese.org\/vocations-office\/\" \/>\n<meta property=\"og:locale\" content=\"es_ES\" \/>\n<meta property=\"og:type\" content=\"article\" \/>\n<meta property=\"og:title\" content=\"Fall River Vocations - Roman Catholic Diocese of Fall River\" \/>\n<meta property=\"og:description\" content=\"The call to holiness is a universal call, valid for all human beings without distraction of age, profession, race or language. Just as all are redeemed, so all are called. &hellip;\" \/>\n<meta property=\"og:url\" content=\"https:\/\/www.fallriverdiocese.org\/vocations-office\/\" \/>\n<meta property=\"og:site_name\" content=\"Roman Catholic Diocese of Fall River\" \/>\n<meta property=\"article:modified_time\" content=\"2024-10-10T15:26:27+00:00\" \/>\n<meta property=\"og:image\" content=\"https:\/\/www.fallriverdiocese.org\/app\/uploads\/2023\/09\/vocations_headshot_fr-jack-shrader.jpg\" \/>\n\t<meta property=\"og:image:width\" content=\"167\" \/>\n\t<meta property=\"og:image:height\" content=\"167\" \/>\n\t<meta property=\"og:image:type\" content=\"image\/jpeg\" \/>\n<meta name=\"twitter:card\" content=\"summary_large_image\" \/>\n<meta name=\"twitter:label1\" content=\"Tiempo de lectura\" \/>\n\t<meta name=\"twitter:data1\" content=\"5 minutos\" \/>\n<script type=\"application\/ld+json\" class=\"yoast-schema-graph\">{\"@context\":\"https:\/\/schema.org\",\"@graph\":[{\"@type\":\"WebPage\",\"@id\":\"https:\/\/www.fallriverdiocese.org\/vocations-office\/\",\"url\":\"https:\/\/www.fallriverdiocese.org\/vocations-office\/\",\"name\":\"Fall River Vocations - Roman Catholic Diocese of Fall River\",\"isPartOf\":{\"@id\":\"https:\/\/www.fallriverdiocese.org\/#website\"},\"primaryImageOfPage\":{\"@id\":\"https:\/\/www.fallriverdiocese.org\/vocations-office\/#primaryimage\"},\"image\":{\"@id\":\"https:\/\/www.fallriverdiocese.org\/vocations-office\/#primaryimage\"},\"thumbnailUrl\":\"https:\/\/www.fallriverdiocese.org\/app\/uploads\/2023\/09\/vocations_headshot_fr-jack-shrader.jpg\",\"datePublished\":\"2023-11-03T15:03:20+00:00\",\"dateModified\":\"2024-10-10T15:26:27+00:00\",\"breadcrumb\":{\"@id\":\"https:\/\/www.fallriverdiocese.org\/vocations-office\/#breadcrumb\"},\"inLanguage\":\"es\",\"potentialAction\":[{\"@type\":\"ReadAction\",\"target\":[\"https:\/\/www.fallriverdiocese.org\/vocations-office\/\"]}]},{\"@type\":\"ImageObject\",\"inLanguage\":\"es\",\"@id\":\"https:\/\/www.fallriverdiocese.org\/vocations-office\/#primaryimage\",\"url\":\"https:\/\/www.fallriverdiocese.org\/app\/uploads\/2023\/09\/vocations_headshot_fr-jack-shrader.jpg\",\"contentUrl\":\"https:\/\/www.fallriverdiocese.org\/app\/uploads\/2023\/09\/vocations_headshot_fr-jack-shrader.jpg\",\"width\":167,\"height\":167},{\"@type\":\"BreadcrumbList\",\"@id\":\"https:\/\/www.fallriverdiocese.org\/vocations-office\/#breadcrumb\",\"itemListElement\":[{\"@type\":\"ListItem\",\"position\":1,\"name\":\"Home\",\"item\":\"https:\/\/www.fallriverdiocese.org\/\"},{\"@type\":\"ListItem\",\"position\":2,\"name\":\"Fall River Vocations\"}]},{\"@type\":\"WebSite\",\"@id\":\"https:\/\/www.fallriverdiocese.org\/#website\",\"url\":\"https:\/\/www.fallriverdiocese.org\/\",\"name\":\"Roman Catholic Diocese of Fall River\",\"description\":\"\",\"publisher\":{\"@id\":\"https:\/\/www.fallriverdiocese.org\/#organization\"},\"potentialAction\":[{\"@type\":\"SearchAction\",\"target\":{\"@type\":\"EntryPoint\",\"urlTemplate\":\"https:\/\/www.fallriverdiocese.org\/?s={search_term_string}\"},\"query-input\":{\"@type\":\"PropertyValueSpecification\",\"valueRequired\":true,\"valueName\":\"search_term_string\"}}],\"inLanguage\":\"es\"},{\"@type\":\"Organization\",\"@id\":\"https:\/\/www.fallriverdiocese.org\/#organization\",\"name\":\"Roman Catholic Diocese of Fall River\",\"url\":\"https:\/\/www.fallriverdiocese.org\/\",\"logo\":{\"@type\":\"ImageObject\",\"inLanguage\":\"es\",\"@id\":\"https:\/\/www.fallriverdiocese.org\/#\/schema\/logo\/image\/\",\"url\":\"https:\/\/www.fallriverdiocese.org\/app\/uploads\/2023\/12\/dfr-logo-new.svg\",\"contentUrl\":\"https:\/\/www.fallriverdiocese.org\/app\/uploads\/2023\/12\/dfr-logo-new.svg\",\"width\":346,\"height\":106,\"caption\":\"Roman Catholic Diocese of Fall River\"},\"image\":{\"@id\":\"https:\/\/www.fallriverdiocese.org\/#\/schema\/logo\/image\/\"}}]}<\/script>\n<!-- \/ Yoast SEO plugin. -->","yoast_head_json":{"title":"Fall River Vocations - Roman Catholic Diocese of Fall River","robots":{"index":"index","follow":"follow","max-snippet":"max-snippet:-1","max-image-preview":"max-image-preview:large","max-video-preview":"max-video-preview:-1"},"canonical":"https:\/\/www.fallriverdiocese.org\/vocations-office\/","og_locale":"es_ES","og_type":"article","og_title":"Fall River Vocations - Roman Catholic Diocese of Fall River","og_description":"The call to holiness is a universal call, valid for all human beings without distraction of age, profession, race or language. Just as all are redeemed, so all are called. &hellip;","og_url":"https:\/\/www.fallriverdiocese.org\/vocations-office\/","og_site_name":"Roman Catholic Diocese of Fall River","article_modified_time":"2024-10-10T15:26:27+00:00","og_image":[{"width":167,"height":167,"url":"https:\/\/www.fallriverdiocese.org\/app\/uploads\/2023\/09\/vocations_headshot_fr-jack-shrader.jpg","type":"image\/jpeg"}],"twitter_card":"summary_large_image","twitter_misc":{"Tiempo de lectura":"5 minutos"},"schema":{"@context":"https:\/\/schema.org","@graph":[{"@type":"WebPage","@id":"https:\/\/www.fallriverdiocese.org\/vocations-office\/","url":"https:\/\/www.fallriverdiocese.org\/vocations-office\/","name":"Fall River Vocations - Roman Catholic Diocese of Fall River","isPartOf":{"@id":"https:\/\/www.fallriverdiocese.org\/#website"},"primaryImageOfPage":{"@id":"https:\/\/www.fallriverdiocese.org\/vocations-office\/#primaryimage"},"image":{"@id":"https:\/\/www.fallriverdiocese.org\/vocations-office\/#primaryimage"},"thumbnailUrl":"https:\/\/www.fallriverdiocese.org\/app\/uploads\/2023\/09\/vocations_headshot_fr-jack-shrader.jpg","datePublished":"2023-11-03T15:03:20+00:00","dateModified":"2024-10-10T15:26:27+00:00","breadcrumb":{"@id":"https:\/\/www.fallriverdiocese.org\/vocations-office\/#breadcrumb"},"inLanguage":"es","potentialAction":[{"@type":"ReadAction","target":["https:\/\/www.fallriverdiocese.org\/vocations-office\/"]}]},{"@type":"ImageObject","inLanguage":"es","@id":"https:\/\/www.fallriverdiocese.org\/vocations-office\/#primaryimage","url":"https:\/\/www.fallriverdiocese.org\/app\/uploads\/2023\/09\/vocations_headshot_fr-jack-shrader.jpg","contentUrl":"https:\/\/www.fallriverdiocese.org\/app\/uploads\/2023\/09\/vocations_headshot_fr-jack-shrader.jpg","width":167,"height":167},{"@type":"BreadcrumbList","@id":"https:\/\/www.fallriverdiocese.org\/vocations-office\/#breadcrumb","itemListElement":[{"@type":"ListItem","position":1,"name":"Home","item":"https:\/\/www.fallriverdiocese.org\/"},{"@type":"ListItem","position":2,"name":"Fall River Vocations"}]},{"@type":"WebSite","@id":"https:\/\/www.fallriverdiocese.org\/#website","url":"https:\/\/www.fallriverdiocese.org\/","name":"Roman Catholic Diocese of Fall River","description":"","publisher":{"@id":"https:\/\/www.fallriverdiocese.org\/#organization"},"potentialAction":[{"@type":"SearchAction","target":{"@type":"EntryPoint","urlTemplate":"https:\/\/www.fallriverdiocese.org\/?s={search_term_string}"},"query-input":{"@type":"PropertyValueSpecification","valueRequired":true,"valueName":"search_term_string"}}],"inLanguage":"es"},{"@type":"Organization","@id":"https:\/\/www.fallriverdiocese.org\/#organization","name":"Roman Catholic Diocese of Fall River","url":"https:\/\/www.fallriverdiocese.org\/","logo":{"@type":"ImageObject","inLanguage":"es","@id":"https:\/\/www.fallriverdiocese.org\/#\/schema\/logo\/image\/","url":"https:\/\/www.fallriverdiocese.org\/app\/uploads\/2023\/12\/dfr-logo-new.svg","contentUrl":"https:\/\/www.fallriverdiocese.org\/app\/uploads\/2023\/12\/dfr-logo-new.svg","width":346,"height":106,"caption":"Roman Catholic Diocese of Fall River"},"image":{"@id":"https:\/\/www.fallriverdiocese.org\/#\/schema\/logo\/image\/"}}]}},"ticketed":false,"post_mailing_queue_ids":[],"_links":{"self":[{"href":"https:\/\/www.fallriverdiocese.org\/es\/wp-json\/wp\/v2\/pages\/31777","targetHints":{"allow":["GET"]}}],"collection":[{"href":"https:\/\/www.fallriverdiocese.org\/es\/wp-json\/wp\/v2\/pages"}],"about":[{"href":"https:\/\/www.fallriverdiocese.org\/es\/wp-json\/wp\/v2\/types\/page"}],"author":[{"embeddable":true,"href":"https:\/\/www.fallriverdiocese.org\/es\/wp-json\/wp\/v2\/users\/1"}],"replies":[{"embeddable":true,"href":"https:\/\/www.fallriverdiocese.org\/es\/wp-json\/wp\/v2\/comments?post=31777"}],"version-history":[{"count":76,"href":"https:\/\/www.fallriverdiocese.org\/es\/wp-json\/wp\/v2\/pages\/31777\/revisions"}],"predecessor-version":[{"id":37979,"href":"https:\/\/www.fallriverdiocese.org\/es\/wp-json\/wp\/v2\/pages\/31777\/revisions\/37979"}],"wp:featuredmedia":[{"embeddable":true,"href":"https:\/\/www.fallriverdiocese.org\/es\/wp-json\/wp\/v2\/media\/28223"}],"wp:attachment":[{"href":"https:\/\/www.fallriverdiocese.org\/es\/wp-json\/wp\/v2\/media?parent=31777"}],"curies":[{"name":"wp","href":"https:\/\/api.w.org\/{rel}","templated":true}]}}