{"id":28112,"date":"2023-09-20T14:31:48","date_gmt":"2023-09-20T18:31:48","guid":{"rendered":"https:\/\/www.fallriverdiocese.org\/?page_id=28112"},"modified":"2023-09-20T15:11:04","modified_gmt":"2023-09-20T15:11:04","slug":"denunciar-um-incidente-de-abuso","status":"publish","type":"page","link":"https:\/\/www.fallriverdiocese.org\/pt-pt\/denunciar-um-incidente-de-abuso\/","title":{"rendered":"Denunciar um incidente de abuso"},"content":{"rendered":"\n<h2 class=\"wp-block-heading\">Para relatar um incidente de abuso<\/h2>\n\n\n\n<p>A Diocese de Fall River mant\u00e9m-se firme no seu compromisso de denunciar abusos \u00e0s autoridades policiais e cooperar com as investiga\u00e7\u00f5es. Se foi abusado por algu\u00e9m que representa a Igreja (padre, di\u00e1cono, religioso, empregado ou volunt\u00e1rio), lamentamos. Estamos aqui para ouvi-lo e apoi\u00e1-lo. Pode denunciar um incidente de abuso contatando diretamente as autoridades locais e contatando&nbsp;a Coordenadora Diocesana de Assist\u00eancia \u00e0s V\u00edtimas, Carolyn Shipp, pelo 508-985-6508 (correio de voz confidencial) ou por email&nbsp;<a href=\"mailto:cshipp@dioc-fr.org\">cshipp@dioc-fr.org<\/a>. Ela pode ajud\u00e1-lo a fazer um relat\u00f3rio e apoi\u00e1-lo durante o processo.<\/p>\n\n\n\n<h2 class=\"wp-block-heading\">Para relatar m\u00e1 conduta por bispos<\/h2>\n\n\n\n<p>Para denunciar a m\u00e1 conduta de um bispo, incluindo uma alega\u00e7\u00e3o de abuso sexual e qualquer encobrimento atrav\u00e9s de a\u00e7\u00f5es ou omiss\u00f5es destinadas a ocultar informa\u00e7\u00f5es ou a interferir nas investiga\u00e7\u00f5es, contacte o Servi\u00e7o de Den\u00fancias de Abusos dos Bispos Cat\u00f3licos no website\u00a0<a href=\"https:\/\/reportbishopabuse.org\/\" target=\"_blank\" rel=\"noreferrer noopener\">reportbishopabuse.org<\/a>\u00a0reportbishopabuse.org\/ ou ligue gratuitamente pelo n\u00famero 1-800-276-1562. Pode ficar an\u00f3nimo se desejar em ambos os casos. \u00a0O Servi\u00e7o de Den\u00fancias de Abusos dos Bispos Cat\u00f3licos receber\u00e1 e transmitir\u00e1 essas den\u00fancias \u00e0s autoridades competentes da Igreja para investigar. \u00a0Quando uma den\u00fancia incluir um crime, como o abuso sexual de um menor, tamb\u00e9m ser\u00e1 comunicado \u00e0s autoridades civis.<\/p>\n\n\n\n<div class=\"wp-block-buttons is-content-justification-center is-layout-flex wp-container-core-buttons-is-layout-16018d1d wp-block-buttons-is-layout-flex\">\n<div class=\"wp-block-button\"><a class=\"wp-block-button__link wp-element-button\" href=\"https:\/\/www.fallriverdiocese.org\/directory-offices\/office\/safe-environment\/\">Retornar ao Escrit\u00f3rio de Ambiente Seguro<\/a><\/div>\n<\/div>\n","protected":false},"excerpt":{"rendered":"<p>Para relatar um incidente de abuso A Diocese de Fall River mant\u00e9m-se firme no seu compromisso de denunciar abusos \u00e0s autoridades policiais e cooperar com as investiga\u00e7\u00f5es. Se foi abusado &hellip;<\/p>\n","protected":false},"author":1,"featured_media":0,"parent":0,"menu_order":0,"comment_status":"closed","ping_status":"closed","template":"","meta":{"_acf_changed":false,"_crosspost_to_16":false,"_crosspost_to_17":false,"_crosspost_to_18":false,"_crosspost_to_19":false,"_crosspost_to_20":false,"_price":"","_stock":"","_tribe_ticket_header":"","_tribe_default_ticket_provider":"","_tribe_ticket_capacity":"0","_ticket_start_date":"","_ticket_end_date":"","_tribe_ticket_show_description":"","_tribe_ticket_show_not_going":false,"_tribe_ticket_use_global_stock":"","_tribe_ticket_global_stock_level":"","_global_stock_mode":"","_global_stock_cap":"","_tribe_rsvp_for_event":"","_tribe_ticket_going_count":"","_tribe_ticket_not_going_count":"","_tribe_tickets_list":"[]","_tribe_ticket_has_attendee_info_fields":false,"footnotes":"","_tec_slr_enabled":"","_tec_slr_layout":""},"class_list":["post-28112","page","type-page","status-publish","hentry"],"pp_force_visibility":null,"pp_subpost_visibility":null,"pp_inherited_force_visibility":null,"pp_inherited_subpost_visibility":null,"acf":[],"yoast_head":"<!-- This site is optimized with the Yoast SEO plugin v26.5 - https:\/\/yoast.com\/wordpress\/plugins\/seo\/ -->\n<title>Denunciar um incidente de abuso - Roman Catholic Diocese of Fall River<\/title>\n<meta name=\"robots\" content=\"index, follow, max-snippet:-1, max-image-preview:large, max-video-preview:-1\" \/>\n<link rel=\"canonical\" href=\"https:\/\/www.fallriverdiocese.org\/pt-pt\/denunciar-um-incidente-de-abuso\/\" \/>\n<meta property=\"og:locale\" content=\"pt_PT\" \/>\n<meta property=\"og:type\" content=\"article\" \/>\n<meta property=\"og:title\" content=\"Denunciar um incidente de abuso - Roman Catholic Diocese of Fall River\" \/>\n<meta property=\"og:description\" content=\"Para relatar um incidente de abuso A Diocese de Fall River mant\u00e9m-se firme no seu compromisso de denunciar abusos \u00e0s autoridades policiais e cooperar com as investiga\u00e7\u00f5es. Se foi abusado &hellip;\" \/>\n<meta property=\"og:url\" content=\"https:\/\/www.fallriverdiocese.org\/pt-pt\/denunciar-um-incidente-de-abuso\/\" \/>\n<meta property=\"og:site_name\" content=\"Roman Catholic Diocese of Fall River\" \/>\n<meta name=\"twitter:card\" content=\"summary_large_image\" \/>\n<meta name=\"twitter:label1\" content=\"Tempo estimado de leitura\" \/>\n\t<meta name=\"twitter:data1\" content=\"1 minuto\" \/>\n<script type=\"application\/ld+json\" class=\"yoast-schema-graph\">{\"@context\":\"https:\/\/schema.org\",\"@graph\":[{\"@type\":\"WebPage\",\"@id\":\"https:\/\/www.fallriverdiocese.org\/pt-pt\/denunciar-um-incidente-de-abuso\/\",\"url\":\"https:\/\/www.fallriverdiocese.org\/pt-pt\/denunciar-um-incidente-de-abuso\/\",\"name\":\"Denunciar um incidente de abuso - Roman Catholic Diocese of Fall River\",\"isPartOf\":{\"@id\":\"https:\/\/www.fallriverdiocese.org\/#website\"},\"datePublished\":\"2023-09-20T18:31:48+00:00\",\"breadcrumb\":{\"@id\":\"https:\/\/www.fallriverdiocese.org\/pt-pt\/denunciar-um-incidente-de-abuso\/#breadcrumb\"},\"inLanguage\":\"pt-PT\",\"potentialAction\":[{\"@type\":\"ReadAction\",\"target\":[\"https:\/\/www.fallriverdiocese.org\/pt-pt\/denunciar-um-incidente-de-abuso\/\"]}]},{\"@type\":\"BreadcrumbList\",\"@id\":\"https:\/\/www.fallriverdiocese.org\/pt-pt\/denunciar-um-incidente-de-abuso\/#breadcrumb\",\"itemListElement\":[{\"@type\":\"ListItem\",\"position\":1,\"name\":\"Home\",\"item\":\"https:\/\/www.fallriverdiocese.org\/\"},{\"@type\":\"ListItem\",\"position\":2,\"name\":\"Denunciar um incidente de abuso\"}]},{\"@type\":\"WebSite\",\"@id\":\"https:\/\/www.fallriverdiocese.org\/#website\",\"url\":\"https:\/\/www.fallriverdiocese.org\/\",\"name\":\"Roman Catholic Diocese of Fall River\",\"description\":\"\",\"publisher\":{\"@id\":\"https:\/\/www.fallriverdiocese.org\/#organization\"},\"potentialAction\":[{\"@type\":\"SearchAction\",\"target\":{\"@type\":\"EntryPoint\",\"urlTemplate\":\"https:\/\/www.fallriverdiocese.org\/?s={search_term_string}\"},\"query-input\":{\"@type\":\"PropertyValueSpecification\",\"valueRequired\":true,\"valueName\":\"search_term_string\"}}],\"inLanguage\":\"pt-PT\"},{\"@type\":\"Organization\",\"@id\":\"https:\/\/www.fallriverdiocese.org\/#organization\",\"name\":\"Roman Catholic Diocese of Fall River\",\"url\":\"https:\/\/www.fallriverdiocese.org\/\",\"logo\":{\"@type\":\"ImageObject\",\"inLanguage\":\"pt-PT\",\"@id\":\"https:\/\/www.fallriverdiocese.org\/#\/schema\/logo\/image\/\",\"url\":\"https:\/\/www.fallriverdiocese.org\/app\/uploads\/2023\/12\/dfr-logo-new.svg\",\"contentUrl\":\"https:\/\/www.fallriverdiocese.org\/app\/uploads\/2023\/12\/dfr-logo-new.svg\",\"width\":346,\"height\":106,\"caption\":\"Roman Catholic Diocese of Fall River\"},\"image\":{\"@id\":\"https:\/\/www.fallriverdiocese.org\/#\/schema\/logo\/image\/\"}}]}<\/script>\n<!-- \/ Yoast SEO plugin. -->","yoast_head_json":{"title":"Denunciar um incidente de abuso - Roman Catholic Diocese of Fall River","robots":{"index":"index","follow":"follow","max-snippet":"max-snippet:-1","max-image-preview":"max-image-preview:large","max-video-preview":"max-video-preview:-1"},"canonical":"https:\/\/www.fallriverdiocese.org\/pt-pt\/denunciar-um-incidente-de-abuso\/","og_locale":"pt_PT","og_type":"article","og_title":"Denunciar um incidente de abuso - Roman Catholic Diocese of Fall River","og_description":"Para relatar um incidente de abuso A Diocese de Fall River mant\u00e9m-se firme no seu compromisso de denunciar abusos \u00e0s autoridades policiais e cooperar com as investiga\u00e7\u00f5es. Se foi abusado &hellip;","og_url":"https:\/\/www.fallriverdiocese.org\/pt-pt\/denunciar-um-incidente-de-abuso\/","og_site_name":"Roman Catholic Diocese of Fall River","twitter_card":"summary_large_image","twitter_misc":{"Tempo estimado de leitura":"1 minuto"},"schema":{"@context":"https:\/\/schema.org","@graph":[{"@type":"WebPage","@id":"https:\/\/www.fallriverdiocese.org\/pt-pt\/denunciar-um-incidente-de-abuso\/","url":"https:\/\/www.fallriverdiocese.org\/pt-pt\/denunciar-um-incidente-de-abuso\/","name":"Denunciar um incidente de abuso - Roman Catholic Diocese of Fall River","isPartOf":{"@id":"https:\/\/www.fallriverdiocese.org\/#website"},"datePublished":"2023-09-20T18:31:48+00:00","breadcrumb":{"@id":"https:\/\/www.fallriverdiocese.org\/pt-pt\/denunciar-um-incidente-de-abuso\/#breadcrumb"},"inLanguage":"pt-PT","potentialAction":[{"@type":"ReadAction","target":["https:\/\/www.fallriverdiocese.org\/pt-pt\/denunciar-um-incidente-de-abuso\/"]}]},{"@type":"BreadcrumbList","@id":"https:\/\/www.fallriverdiocese.org\/pt-pt\/denunciar-um-incidente-de-abuso\/#breadcrumb","itemListElement":[{"@type":"ListItem","position":1,"name":"Home","item":"https:\/\/www.fallriverdiocese.org\/"},{"@type":"ListItem","position":2,"name":"Denunciar um incidente de abuso"}]},{"@type":"WebSite","@id":"https:\/\/www.fallriverdiocese.org\/#website","url":"https:\/\/www.fallriverdiocese.org\/","name":"Roman Catholic Diocese of Fall River","description":"","publisher":{"@id":"https:\/\/www.fallriverdiocese.org\/#organization"},"potentialAction":[{"@type":"SearchAction","target":{"@type":"EntryPoint","urlTemplate":"https:\/\/www.fallriverdiocese.org\/?s={search_term_string}"},"query-input":{"@type":"PropertyValueSpecification","valueRequired":true,"valueName":"search_term_string"}}],"inLanguage":"pt-PT"},{"@type":"Organization","@id":"https:\/\/www.fallriverdiocese.org\/#organization","name":"Roman Catholic Diocese of Fall River","url":"https:\/\/www.fallriverdiocese.org\/","logo":{"@type":"ImageObject","inLanguage":"pt-PT","@id":"https:\/\/www.fallriverdiocese.org\/#\/schema\/logo\/image\/","url":"https:\/\/www.fallriverdiocese.org\/app\/uploads\/2023\/12\/dfr-logo-new.svg","contentUrl":"https:\/\/www.fallriverdiocese.org\/app\/uploads\/2023\/12\/dfr-logo-new.svg","width":346,"height":106,"caption":"Roman Catholic Diocese of Fall River"},"image":{"@id":"https:\/\/www.fallriverdiocese.org\/#\/schema\/logo\/image\/"}}]}},"ticketed":false,"post_mailing_queue_ids":[],"_links":{"self":[{"href":"https:\/\/www.fallriverdiocese.org\/pt-pt\/wp-json\/wp\/v2\/pages\/28112","targetHints":{"allow":["GET"]}}],"collection":[{"href":"https:\/\/www.fallriverdiocese.org\/pt-pt\/wp-json\/wp\/v2\/pages"}],"about":[{"href":"https:\/\/www.fallriverdiocese.org\/pt-pt\/wp-json\/wp\/v2\/types\/page"}],"author":[{"embeddable":true,"href":"https:\/\/www.fallriverdiocese.org\/pt-pt\/wp-json\/wp\/v2\/users\/1"}],"replies":[{"embeddable":true,"href":"https:\/\/www.fallriverdiocese.org\/pt-pt\/wp-json\/wp\/v2\/comments?post=28112"}],"version-history":[{"count":1,"href":"https:\/\/www.fallriverdiocese.org\/pt-pt\/wp-json\/wp\/v2\/pages\/28112\/revisions"}],"predecessor-version":[{"id":28113,"href":"https:\/\/www.fallriverdiocese.org\/pt-pt\/wp-json\/wp\/v2\/pages\/28112\/revisions\/28113"}],"wp:attachment":[{"href":"https:\/\/www.fallriverdiocese.org\/pt-pt\/wp-json\/wp\/v2\/media?parent=28112"}],"curies":[{"name":"wp","href":"https:\/\/api.w.org\/{rel}","templated":true}]}}